{"id":317,"date":"2025-10-02T15:08:26","date_gmt":"2025-10-02T13:08:26","guid":{"rendered":"https:\/\/costasplcgroup.com\/?page_id=317"},"modified":"2025-10-06T22:14:12","modified_gmt":"2025-10-06T20:14:12","slug":"about-us","status":"publish","type":"page","link":"https:\/\/costasplcgroup.com\/fr\/about-us\/","title":{"rendered":"A propos de nous"},"content":{"rendered":"<div data-elementor-type=\"wp-page\" data-elementor-id=\"317\" class=\"elementor elementor-317\" data-elementor-post-type=\"page\">\n\t\t\t\t<div class=\"elementor-element elementor-element-4fca863 e-con-full e-flex wpr-particle-no wpr-jarallax-no wpr-parallax-no wpr-sticky-section-no e-con e-parent\" data-id=\"4fca863\" data-element_type=\"container\" data-settings=\"{&quot;background_background&quot;:&quot;classic&quot;}\">\n\t\t\t\t<div class=\"elementor-element elementor-element-c969164 elementor-widget elementor-widget-heading\" data-id=\"c969164\" data-element_type=\"widget\" data-widget_type=\"heading.default\">\n\t\t\t\t<div class=\"elementor-widget-container\">\n\t\t\t\t\t<h1 class=\"elementor-heading-title elementor-size-default\">A propos de nous<\/h1>\t\t\t\t<\/div>\n\t\t\t\t<\/div>\n\t\t\t\t<\/div>\n\t\t<div class=\"elementor-element elementor-element-d37a611 e-con-full e-flex wpr-particle-no wpr-jarallax-no wpr-parallax-no wpr-sticky-section-no e-con e-parent\" data-id=\"d37a611\" data-element_type=\"container\" data-settings=\"{&quot;background_background&quot;:&quot;classic&quot;}\">\n\t\t<div class=\"elementor-element elementor-element-9a7e5d8 e-con-full e-flex wpr-particle-no wpr-jarallax-no wpr-parallax-no wpr-sticky-section-no e-con e-child\" data-id=\"9a7e5d8\" data-element_type=\"container\">\n\t\t\t\t<div class=\"elementor-element elementor-element-072c051 elementor-widget elementor-widget-image\" data-id=\"072c051\" data-element_type=\"widget\" data-widget_type=\"image.default\">\n\t\t\t\t<div class=\"elementor-widget-container\">\n\t\t\t\t\t\t\t\t\t\t\t\t\t\t\t<img fetchpriority=\"high\" decoding=\"async\" width=\"620\" height=\"413\" src=\"https:\/\/costasplcgroup.com\/wp-content\/uploads\/2025\/10\/PHOTO-2025-09-15-12-40-31.jpg\" class=\"attachment-large size-large wp-image-331\" alt=\"\" srcset=\"https:\/\/costasplcgroup.com\/wp-content\/uploads\/2025\/10\/PHOTO-2025-09-15-12-40-31.jpg 620w, https:\/\/costasplcgroup.com\/wp-content\/uploads\/2025\/10\/PHOTO-2025-09-15-12-40-31-300x200.jpg 300w\" sizes=\"(max-width: 620px) 100vw, 620px\" \/>\t\t\t\t\t\t\t\t\t\t\t\t\t\t\t<\/div>\n\t\t\t\t<\/div>\n\t\t\t\t<\/div>\n\t\t<div class=\"elementor-element elementor-element-d960c1a e-con-full e-flex wpr-particle-no wpr-jarallax-no wpr-parallax-no wpr-sticky-section-no e-con e-child\" data-id=\"d960c1a\" data-element_type=\"container\">\n\t\t\t\t<div class=\"elementor-element elementor-element-713b7ea elementor-widget elementor-widget-text-editor\" data-id=\"713b7ea\" data-element_type=\"widget\" data-widget_type=\"text-editor.default\">\n\t\t\t\t<div class=\"elementor-widget-container\">\n\t\t\t\t\t\t\t\t\t<p class=\"p1\">Costas Plc, dont le si\u00e8ge social est \u00e0 Douala, au Cameroun, est un groupe diversifi\u00e9 de soci\u00e9t\u00e9s avec une forte pr\u00e9sence dans des secteurs cl\u00e9s favorisant le d\u00e9veloppement durable en Afrique.<\/p><p class=\"p1\">De la p\u00eache commerciale et de l\u2019aquaculture offshore aux \u00e9nergies renouvelables, \u00e0 la distribution de peinture et au d\u00e9veloppement immobilier,<\/p><p class=\"p1\">Costas Plc rassemble expertise, innovation et engagement envers l'excellence.<\/p>\t\t\t\t\t\t\t\t<\/div>\n\t\t\t\t<\/div>\n\t\t\t\t<\/div>\n\t\t\t\t<\/div>\n\t\t\t\t<\/div>","protected":false},"excerpt":{"rendered":"<p>About Us Costas Plc, headquartered in Douala, Cameroon, is a diversified group of companies with a strong presence in key sectors driving sustainable development in Africa. From commercial fishing and offshore aquaculture to renewable energy, paint distribution, and real estate development, Costas Plc brings together expertise, innovation, and commitment to excellence.<\/p>","protected":false},"author":1,"featured_media":0,"parent":0,"menu_order":0,"comment_status":"closed","ping_status":"closed","template":"","meta":{"footnotes":""},"class_list":["post-317","page","type-page","status-publish","hentry"],"yoast_head":"<!-- This site is optimized with the Yoast SEO plugin v27.6 - https:\/\/yoast.com\/product\/yoast-seo-wordpress\/ -->\n<title>About Us - Costas PLC Group<\/title>\n<meta name=\"robots\" content=\"index, follow, max-snippet:-1, max-image-preview:large, max-video-preview:-1\" \/>\n<link rel=\"canonical\" href=\"https:\/\/costasplcgroup.com\/fr\/about-us\/\" \/>\n<meta property=\"og:locale\" content=\"fr_FR\" \/>\n<meta property=\"og:type\" content=\"article\" \/>\n<meta property=\"og:title\" content=\"About Us - Costas PLC Group\" \/>\n<meta property=\"og:description\" content=\"About Us Costas Plc, headquartered in Douala, Cameroon, is a diversified group of companies with a strong presence in key sectors driving sustainable development in Africa. From commercial fishing and offshore aquaculture to renewable energy, paint distribution, and real estate development, Costas Plc brings together expertise, innovation, and commitment to excellence.\" \/>\n<meta property=\"og:url\" content=\"https:\/\/costasplcgroup.com\/fr\/about-us\/\" \/>\n<meta property=\"og:site_name\" content=\"Costas PLC Group\" \/>\n<meta property=\"article:modified_time\" content=\"2025-10-06T20:14:12+00:00\" \/>\n<meta property=\"og:image\" content=\"https:\/\/costasplcgroup.com\/wp-content\/uploads\/2025\/10\/PHOTO-2025-09-15-12-40-31.jpg\" \/>\n\t<meta property=\"og:image:width\" content=\"620\" \/>\n\t<meta property=\"og:image:height\" content=\"413\" \/>\n\t<meta property=\"og:image:type\" content=\"image\/jpeg\" \/>\n<meta name=\"twitter:card\" content=\"summary_large_image\" \/>\n<meta name=\"twitter:label1\" content=\"Dur\u00e9e de lecture estim\u00e9e\" \/>\n\t<meta name=\"twitter:data1\" content=\"1 minute\" \/>\n<script type=\"application\/ld+json\" class=\"yoast-schema-graph\">{\"@context\":\"https:\\\/\\\/schema.org\",\"@graph\":[{\"@type\":\"WebPage\",\"@id\":\"https:\\\/\\\/costasplcgroup.com\\\/about-us\\\/\",\"url\":\"https:\\\/\\\/costasplcgroup.com\\\/about-us\\\/\",\"name\":\"About Us - Costas PLC Group\",\"isPartOf\":{\"@id\":\"https:\\\/\\\/costasplcgroup.com\\\/#website\"},\"primaryImageOfPage\":{\"@id\":\"https:\\\/\\\/costasplcgroup.com\\\/about-us\\\/#primaryimage\"},\"image\":{\"@id\":\"https:\\\/\\\/costasplcgroup.com\\\/about-us\\\/#primaryimage\"},\"thumbnailUrl\":\"https:\\\/\\\/costasplcgroup.com\\\/wp-content\\\/uploads\\\/2025\\\/10\\\/PHOTO-2025-09-15-12-40-31.jpg\",\"datePublished\":\"2025-10-02T13:08:26+00:00\",\"dateModified\":\"2025-10-06T20:14:12+00:00\",\"breadcrumb\":{\"@id\":\"https:\\\/\\\/costasplcgroup.com\\\/about-us\\\/#breadcrumb\"},\"inLanguage\":\"fr-FR\",\"potentialAction\":[{\"@type\":\"ReadAction\",\"target\":[\"https:\\\/\\\/costasplcgroup.com\\\/about-us\\\/\"]}]},{\"@type\":\"ImageObject\",\"inLanguage\":\"fr-FR\",\"@id\":\"https:\\\/\\\/costasplcgroup.com\\\/about-us\\\/#primaryimage\",\"url\":\"https:\\\/\\\/costasplcgroup.com\\\/wp-content\\\/uploads\\\/2025\\\/10\\\/PHOTO-2025-09-15-12-40-31.jpg\",\"contentUrl\":\"https:\\\/\\\/costasplcgroup.com\\\/wp-content\\\/uploads\\\/2025\\\/10\\\/PHOTO-2025-09-15-12-40-31.jpg\"},{\"@type\":\"BreadcrumbList\",\"@id\":\"https:\\\/\\\/costasplcgroup.com\\\/about-us\\\/#breadcrumb\",\"itemListElement\":[{\"@type\":\"ListItem\",\"position\":1,\"name\":\"Home\",\"item\":\"https:\\\/\\\/costasplcgroup.com\\\/\"},{\"@type\":\"ListItem\",\"position\":2,\"name\":\"About Us\"}]},{\"@type\":\"WebSite\",\"@id\":\"https:\\\/\\\/costasplcgroup.com\\\/#website\",\"url\":\"https:\\\/\\\/costasplcgroup.com\\\/\",\"name\":\"Costas PLC Group\",\"description\":\"Welcome to Costas PLC Group\",\"publisher\":{\"@id\":\"https:\\\/\\\/costasplcgroup.com\\\/#organization\"},\"potentialAction\":[{\"@type\":\"SearchAction\",\"target\":{\"@type\":\"EntryPoint\",\"urlTemplate\":\"https:\\\/\\\/costasplcgroup.com\\\/?s={search_term_string}\"},\"query-input\":{\"@type\":\"PropertyValueSpecification\",\"valueRequired\":true,\"valueName\":\"search_term_string\"}}],\"inLanguage\":\"fr-FR\"},{\"@type\":\"Organization\",\"@id\":\"https:\\\/\\\/costasplcgroup.com\\\/#organization\",\"name\":\"Costas PLC Group\",\"url\":\"https:\\\/\\\/costasplcgroup.com\\\/\",\"logo\":{\"@type\":\"ImageObject\",\"inLanguage\":\"fr-FR\",\"@id\":\"https:\\\/\\\/costasplcgroup.com\\\/#\\\/schema\\\/logo\\\/image\\\/\",\"url\":\"https:\\\/\\\/costasplcgroup.com\\\/wp-content\\\/uploads\\\/2025\\\/09\\\/costas-1.png\",\"contentUrl\":\"https:\\\/\\\/costasplcgroup.com\\\/wp-content\\\/uploads\\\/2025\\\/09\\\/costas-1.png\",\"width\":581,\"height\":429,\"caption\":\"Costas PLC Group\"},\"image\":{\"@id\":\"https:\\\/\\\/costasplcgroup.com\\\/#\\\/schema\\\/logo\\\/image\\\/\"}}]}<\/script>\n<!-- \/ Yoast SEO plugin. -->","yoast_head_json":{"title":"About Us - Costas PLC Group","robots":{"index":"index","follow":"follow","max-snippet":"max-snippet:-1","max-image-preview":"max-image-preview:large","max-video-preview":"max-video-preview:-1"},"canonical":"https:\/\/costasplcgroup.com\/fr\/about-us\/","og_locale":"fr_FR","og_type":"article","og_title":"About Us - Costas PLC Group","og_description":"About Us Costas Plc, headquartered in Douala, Cameroon, is a diversified group of companies with a strong presence in key sectors driving sustainable development in Africa. From commercial fishing and offshore aquaculture to renewable energy, paint distribution, and real estate development, Costas Plc brings together expertise, innovation, and commitment to excellence.","og_url":"https:\/\/costasplcgroup.com\/fr\/about-us\/","og_site_name":"Costas PLC Group","article_modified_time":"2025-10-06T20:14:12+00:00","og_image":[{"width":620,"height":413,"url":"https:\/\/costasplcgroup.com\/wp-content\/uploads\/2025\/10\/PHOTO-2025-09-15-12-40-31.jpg","type":"image\/jpeg"}],"twitter_card":"summary_large_image","twitter_misc":{"Dur\u00e9e de lecture estim\u00e9e":"1 minute"},"schema":{"@context":"https:\/\/schema.org","@graph":[{"@type":"WebPage","@id":"https:\/\/costasplcgroup.com\/about-us\/","url":"https:\/\/costasplcgroup.com\/about-us\/","name":"About Us - Costas PLC Group","isPartOf":{"@id":"https:\/\/costasplcgroup.com\/#website"},"primaryImageOfPage":{"@id":"https:\/\/costasplcgroup.com\/about-us\/#primaryimage"},"image":{"@id":"https:\/\/costasplcgroup.com\/about-us\/#primaryimage"},"thumbnailUrl":"https:\/\/costasplcgroup.com\/wp-content\/uploads\/2025\/10\/PHOTO-2025-09-15-12-40-31.jpg","datePublished":"2025-10-02T13:08:26+00:00","dateModified":"2025-10-06T20:14:12+00:00","breadcrumb":{"@id":"https:\/\/costasplcgroup.com\/about-us\/#breadcrumb"},"inLanguage":"fr-FR","potentialAction":[{"@type":"ReadAction","target":["https:\/\/costasplcgroup.com\/about-us\/"]}]},{"@type":"ImageObject","inLanguage":"fr-FR","@id":"https:\/\/costasplcgroup.com\/about-us\/#primaryimage","url":"https:\/\/costasplcgroup.com\/wp-content\/uploads\/2025\/10\/PHOTO-2025-09-15-12-40-31.jpg","contentUrl":"https:\/\/costasplcgroup.com\/wp-content\/uploads\/2025\/10\/PHOTO-2025-09-15-12-40-31.jpg"},{"@type":"BreadcrumbList","@id":"https:\/\/costasplcgroup.com\/about-us\/#breadcrumb","itemListElement":[{"@type":"ListItem","position":1,"name":"Home","item":"https:\/\/costasplcgroup.com\/"},{"@type":"ListItem","position":2,"name":"About Us"}]},{"@type":"WebSite","@id":"https:\/\/costasplcgroup.com\/#website","url":"https:\/\/costasplcgroup.com\/","name":"Costas PLC Group","description":"Bienvenue sur Costas PLC Group","publisher":{"@id":"https:\/\/costasplcgroup.com\/#organization"},"potentialAction":[{"@type":"SearchAction","target":{"@type":"EntryPoint","urlTemplate":"https:\/\/costasplcgroup.com\/?s={search_term_string}"},"query-input":{"@type":"PropertyValueSpecification","valueRequired":true,"valueName":"search_term_string"}}],"inLanguage":"fr-FR"},{"@type":"Organization","@id":"https:\/\/costasplcgroup.com\/#organization","name":"Costas PLC Group","url":"https:\/\/costasplcgroup.com\/","logo":{"@type":"ImageObject","inLanguage":"fr-FR","@id":"https:\/\/costasplcgroup.com\/#\/schema\/logo\/image\/","url":"https:\/\/costasplcgroup.com\/wp-content\/uploads\/2025\/09\/costas-1.png","contentUrl":"https:\/\/costasplcgroup.com\/wp-content\/uploads\/2025\/09\/costas-1.png","width":581,"height":429,"caption":"Costas PLC Group"},"image":{"@id":"https:\/\/costasplcgroup.com\/#\/schema\/logo\/image\/"}}]}},"_links":{"self":[{"href":"https:\/\/costasplcgroup.com\/fr\/wp-json\/wp\/v2\/pages\/317","targetHints":{"allow":["GET"]}}],"collection":[{"href":"https:\/\/costasplcgroup.com\/fr\/wp-json\/wp\/v2\/pages"}],"about":[{"href":"https:\/\/costasplcgroup.com\/fr\/wp-json\/wp\/v2\/types\/page"}],"author":[{"embeddable":true,"href":"https:\/\/costasplcgroup.com\/fr\/wp-json\/wp\/v2\/users\/1"}],"replies":[{"embeddable":true,"href":"https:\/\/costasplcgroup.com\/fr\/wp-json\/wp\/v2\/comments?post=317"}],"version-history":[{"count":31,"href":"https:\/\/costasplcgroup.com\/fr\/wp-json\/wp\/v2\/pages\/317\/revisions"}],"predecessor-version":[{"id":695,"href":"https:\/\/costasplcgroup.com\/fr\/wp-json\/wp\/v2\/pages\/317\/revisions\/695"}],"wp:attachment":[{"href":"https:\/\/costasplcgroup.com\/fr\/wp-json\/wp\/v2\/media?parent=317"}],"curies":[{"name":"wp","href":"https:\/\/api.w.org\/{rel}","templated":true}]}}