{"id":371,"date":"2025-10-03T14:43:05","date_gmt":"2025-10-03T12:43:05","guid":{"rendered":"https:\/\/costasplcgroup.com\/?page_id=371"},"modified":"2025-10-17T19:21:33","modified_gmt":"2025-10-17T17:21:33","slug":"our-vision","status":"publish","type":"page","link":"https:\/\/costasplcgroup.com\/fr\/about-us\/our-vision\/","title":{"rendered":"Notre vision"},"content":{"rendered":"<div data-elementor-type=\"wp-page\" data-elementor-id=\"371\" class=\"elementor elementor-371\" data-elementor-post-type=\"page\">\n\t\t\t\t<div class=\"elementor-element elementor-element-4fca863 e-con-full e-flex wpr-particle-no wpr-jarallax-no wpr-parallax-no wpr-sticky-section-no e-con e-parent\" data-id=\"4fca863\" data-element_type=\"container\" data-settings=\"{&quot;background_background&quot;:&quot;classic&quot;}\">\n\t\t\t\t<div class=\"elementor-element elementor-element-c969164 elementor-widget elementor-widget-heading\" data-id=\"c969164\" data-element_type=\"widget\" data-widget_type=\"heading.default\">\n\t\t\t\t<div class=\"elementor-widget-container\">\n\t\t\t\t\t<h1 class=\"elementor-heading-title elementor-size-default\">Notre vision<\/h1>\t\t\t\t<\/div>\n\t\t\t\t<\/div>\n\t\t\t\t<\/div>\n\t\t<div class=\"elementor-element elementor-element-d37a611 e-con-full e-flex wpr-particle-no wpr-jarallax-no wpr-parallax-no wpr-sticky-section-no e-con e-parent\" data-id=\"d37a611\" data-element_type=\"container\">\n\t\t<div class=\"elementor-element elementor-element-d960c1a e-con-full e-flex wpr-particle-no wpr-jarallax-no wpr-parallax-no wpr-sticky-section-no e-con e-child\" data-id=\"d960c1a\" data-element_type=\"container\">\n\t\t\t\t<div class=\"elementor-element elementor-element-713b7ea elementor-widget__width-inherit elementor-widget elementor-widget-text-editor\" data-id=\"713b7ea\" data-element_type=\"widget\" data-widget_type=\"text-editor.default\">\n\t\t\t\t<div class=\"elementor-widget-container\">\n\t\t\t\t\t\t\t\t\t<p class=\"p1\">\u00catre une entreprise africaine de premier plan qui transforme les industries et responsabilise<\/p><p class=\"p1\">communaut\u00e9s et favorise une croissance durable en proposant des solutions innovantes<\/p><p class=\"p1\">solutions dans les domaines de la p\u00eache commerciale, de l'aquaculture, de l'\u00e9nergie, de l'immobilier et au-del\u00e0<\/p><p class=\"p1\">cr\u00e9er une valeur durable pour les personnes, les partenaires et la plan\u00e8te.<\/p>\t\t\t\t\t\t\t\t<\/div>\n\t\t\t\t<\/div>\n\t\t\t\t<\/div>\n\t\t\t\t<\/div>\n\t\t\t\t<\/div>","protected":false},"excerpt":{"rendered":"<p>Our Vision To be a leading African enterprise that transforms industries, empowers communities, and drives sustainable growth by delivering innovative solutions in commercial fishing, aquaculture, energy, real estate, and beyond creating lasting value for people, partners, and the planet.<\/p>","protected":false},"author":1,"featured_media":0,"parent":317,"menu_order":0,"comment_status":"closed","ping_status":"closed","template":"","meta":{"footnotes":""},"class_list":["post-371","page","type-page","status-publish","hentry"],"yoast_head":"<!-- This site is optimized with the Yoast SEO plugin v27.6 - https:\/\/yoast.com\/product\/yoast-seo-wordpress\/ -->\n<title>Our Vision - Costas PLC Group<\/title>\n<meta name=\"robots\" content=\"index, follow, max-snippet:-1, max-image-preview:large, max-video-preview:-1\" \/>\n<link rel=\"canonical\" href=\"https:\/\/costasplcgroup.com\/fr\/about-us\/our-vision\/\" \/>\n<meta property=\"og:locale\" content=\"fr_FR\" \/>\n<meta property=\"og:type\" content=\"article\" \/>\n<meta property=\"og:title\" content=\"Our Vision - Costas PLC Group\" \/>\n<meta property=\"og:description\" content=\"Our Vision To be a leading African enterprise that transforms industries, empowers communities, and drives sustainable growth by delivering innovative solutions in commercial fishing, aquaculture, energy, real estate, and beyond creating lasting value for people, partners, and the planet.\" \/>\n<meta property=\"og:url\" content=\"https:\/\/costasplcgroup.com\/fr\/about-us\/our-vision\/\" \/>\n<meta property=\"og:site_name\" content=\"Costas PLC Group\" \/>\n<meta property=\"article:modified_time\" content=\"2025-10-17T17:21:33+00:00\" \/>\n<meta name=\"twitter:card\" content=\"summary_large_image\" \/>\n<meta name=\"twitter:label1\" content=\"Dur\u00e9e de lecture estim\u00e9e\" \/>\n\t<meta name=\"twitter:data1\" content=\"1 minute\" \/>\n<script type=\"application\/ld+json\" class=\"yoast-schema-graph\">{\"@context\":\"https:\\\/\\\/schema.org\",\"@graph\":[{\"@type\":\"WebPage\",\"@id\":\"https:\\\/\\\/costasplcgroup.com\\\/about-us\\\/our-vision\\\/\",\"url\":\"https:\\\/\\\/costasplcgroup.com\\\/about-us\\\/our-vision\\\/\",\"name\":\"Our Vision - Costas PLC Group\",\"isPartOf\":{\"@id\":\"https:\\\/\\\/costasplcgroup.com\\\/#website\"},\"datePublished\":\"2025-10-03T12:43:05+00:00\",\"dateModified\":\"2025-10-17T17:21:33+00:00\",\"breadcrumb\":{\"@id\":\"https:\\\/\\\/costasplcgroup.com\\\/about-us\\\/our-vision\\\/#breadcrumb\"},\"inLanguage\":\"fr-FR\",\"potentialAction\":[{\"@type\":\"ReadAction\",\"target\":[\"https:\\\/\\\/costasplcgroup.com\\\/about-us\\\/our-vision\\\/\"]}]},{\"@type\":\"BreadcrumbList\",\"@id\":\"https:\\\/\\\/costasplcgroup.com\\\/about-us\\\/our-vision\\\/#breadcrumb\",\"itemListElement\":[{\"@type\":\"ListItem\",\"position\":1,\"name\":\"Home\",\"item\":\"https:\\\/\\\/costasplcgroup.com\\\/\"},{\"@type\":\"ListItem\",\"position\":2,\"name\":\"About Us\",\"item\":\"https:\\\/\\\/costasplcgroup.com\\\/about-us\\\/\"},{\"@type\":\"ListItem\",\"position\":3,\"name\":\"Our Vision\"}]},{\"@type\":\"WebSite\",\"@id\":\"https:\\\/\\\/costasplcgroup.com\\\/#website\",\"url\":\"https:\\\/\\\/costasplcgroup.com\\\/\",\"name\":\"Costas PLC Group\",\"description\":\"Welcome to Costas PLC Group\",\"publisher\":{\"@id\":\"https:\\\/\\\/costasplcgroup.com\\\/#organization\"},\"potentialAction\":[{\"@type\":\"SearchAction\",\"target\":{\"@type\":\"EntryPoint\",\"urlTemplate\":\"https:\\\/\\\/costasplcgroup.com\\\/?s={search_term_string}\"},\"query-input\":{\"@type\":\"PropertyValueSpecification\",\"valueRequired\":true,\"valueName\":\"search_term_string\"}}],\"inLanguage\":\"fr-FR\"},{\"@type\":\"Organization\",\"@id\":\"https:\\\/\\\/costasplcgroup.com\\\/#organization\",\"name\":\"Costas PLC Group\",\"url\":\"https:\\\/\\\/costasplcgroup.com\\\/\",\"logo\":{\"@type\":\"ImageObject\",\"inLanguage\":\"fr-FR\",\"@id\":\"https:\\\/\\\/costasplcgroup.com\\\/#\\\/schema\\\/logo\\\/image\\\/\",\"url\":\"https:\\\/\\\/costasplcgroup.com\\\/wp-content\\\/uploads\\\/2025\\\/09\\\/costas-1.png\",\"contentUrl\":\"https:\\\/\\\/costasplcgroup.com\\\/wp-content\\\/uploads\\\/2025\\\/09\\\/costas-1.png\",\"width\":581,\"height\":429,\"caption\":\"Costas PLC Group\"},\"image\":{\"@id\":\"https:\\\/\\\/costasplcgroup.com\\\/#\\\/schema\\\/logo\\\/image\\\/\"}}]}<\/script>\n<!-- \/ Yoast SEO plugin. -->","yoast_head_json":{"title":"Our Vision - Costas PLC Group","robots":{"index":"index","follow":"follow","max-snippet":"max-snippet:-1","max-image-preview":"max-image-preview:large","max-video-preview":"max-video-preview:-1"},"canonical":"https:\/\/costasplcgroup.com\/fr\/about-us\/our-vision\/","og_locale":"fr_FR","og_type":"article","og_title":"Our Vision - Costas PLC Group","og_description":"Our Vision To be a leading African enterprise that transforms industries, empowers communities, and drives sustainable growth by delivering innovative solutions in commercial fishing, aquaculture, energy, real estate, and beyond creating lasting value for people, partners, and the planet.","og_url":"https:\/\/costasplcgroup.com\/fr\/about-us\/our-vision\/","og_site_name":"Costas PLC Group","article_modified_time":"2025-10-17T17:21:33+00:00","twitter_card":"summary_large_image","twitter_misc":{"Dur\u00e9e de lecture estim\u00e9e":"1 minute"},"schema":{"@context":"https:\/\/schema.org","@graph":[{"@type":"WebPage","@id":"https:\/\/costasplcgroup.com\/about-us\/our-vision\/","url":"https:\/\/costasplcgroup.com\/about-us\/our-vision\/","name":"Our Vision - Costas PLC Group","isPartOf":{"@id":"https:\/\/costasplcgroup.com\/#website"},"datePublished":"2025-10-03T12:43:05+00:00","dateModified":"2025-10-17T17:21:33+00:00","breadcrumb":{"@id":"https:\/\/costasplcgroup.com\/about-us\/our-vision\/#breadcrumb"},"inLanguage":"fr-FR","potentialAction":[{"@type":"ReadAction","target":["https:\/\/costasplcgroup.com\/about-us\/our-vision\/"]}]},{"@type":"BreadcrumbList","@id":"https:\/\/costasplcgroup.com\/about-us\/our-vision\/#breadcrumb","itemListElement":[{"@type":"ListItem","position":1,"name":"Home","item":"https:\/\/costasplcgroup.com\/"},{"@type":"ListItem","position":2,"name":"About Us","item":"https:\/\/costasplcgroup.com\/about-us\/"},{"@type":"ListItem","position":3,"name":"Our Vision"}]},{"@type":"WebSite","@id":"https:\/\/costasplcgroup.com\/#website","url":"https:\/\/costasplcgroup.com\/","name":"Costas PLC Group","description":"Bienvenue sur Costas PLC Group","publisher":{"@id":"https:\/\/costasplcgroup.com\/#organization"},"potentialAction":[{"@type":"SearchAction","target":{"@type":"EntryPoint","urlTemplate":"https:\/\/costasplcgroup.com\/?s={search_term_string}"},"query-input":{"@type":"PropertyValueSpecification","valueRequired":true,"valueName":"search_term_string"}}],"inLanguage":"fr-FR"},{"@type":"Organization","@id":"https:\/\/costasplcgroup.com\/#organization","name":"Costas PLC Group","url":"https:\/\/costasplcgroup.com\/","logo":{"@type":"ImageObject","inLanguage":"fr-FR","@id":"https:\/\/costasplcgroup.com\/#\/schema\/logo\/image\/","url":"https:\/\/costasplcgroup.com\/wp-content\/uploads\/2025\/09\/costas-1.png","contentUrl":"https:\/\/costasplcgroup.com\/wp-content\/uploads\/2025\/09\/costas-1.png","width":581,"height":429,"caption":"Costas PLC Group"},"image":{"@id":"https:\/\/costasplcgroup.com\/#\/schema\/logo\/image\/"}}]}},"_links":{"self":[{"href":"https:\/\/costasplcgroup.com\/fr\/wp-json\/wp\/v2\/pages\/371","targetHints":{"allow":["GET"]}}],"collection":[{"href":"https:\/\/costasplcgroup.com\/fr\/wp-json\/wp\/v2\/pages"}],"about":[{"href":"https:\/\/costasplcgroup.com\/fr\/wp-json\/wp\/v2\/types\/page"}],"author":[{"embeddable":true,"href":"https:\/\/costasplcgroup.com\/fr\/wp-json\/wp\/v2\/users\/1"}],"replies":[{"embeddable":true,"href":"https:\/\/costasplcgroup.com\/fr\/wp-json\/wp\/v2\/comments?post=371"}],"version-history":[{"count":10,"href":"https:\/\/costasplcgroup.com\/fr\/wp-json\/wp\/v2\/pages\/371\/revisions"}],"predecessor-version":[{"id":911,"href":"https:\/\/costasplcgroup.com\/fr\/wp-json\/wp\/v2\/pages\/371\/revisions\/911"}],"up":[{"embeddable":true,"href":"https:\/\/costasplcgroup.com\/fr\/wp-json\/wp\/v2\/pages\/317"}],"wp:attachment":[{"href":"https:\/\/costasplcgroup.com\/fr\/wp-json\/wp\/v2\/media?parent=371"}],"curies":[{"name":"wp","href":"https:\/\/api.w.org\/{rel}","templated":true}]}}