{"id":426,"date":"2025-10-04T20:20:55","date_gmt":"2025-10-04T18:20:55","guid":{"rendered":"https:\/\/costasplcgroup.com\/?page_id=426"},"modified":"2025-10-17T19:29:47","modified_gmt":"2025-10-17T17:29:47","slug":"subsidiaries","status":"publish","type":"page","link":"https:\/\/costasplcgroup.com\/fr\/subsidiaries\/","title":{"rendered":"Filiales"},"content":{"rendered":"<div data-elementor-type=\"wp-page\" data-elementor-id=\"426\" class=\"elementor elementor-426\" data-elementor-post-type=\"page\">\n\t\t\t\t<div class=\"elementor-element elementor-element-4fca863 e-con-full e-flex wpr-particle-no wpr-jarallax-no wpr-parallax-no wpr-sticky-section-no e-con e-parent\" data-id=\"4fca863\" data-element_type=\"container\" data-settings=\"{&quot;background_background&quot;:&quot;classic&quot;}\">\n\t\t\t\t<div class=\"elementor-element elementor-element-c969164 elementor-widget elementor-widget-heading\" data-id=\"c969164\" data-element_type=\"widget\" data-widget_type=\"heading.default\">\n\t\t\t\t<div class=\"elementor-widget-container\">\n\t\t\t\t\t<h1 class=\"elementor-heading-title elementor-size-default\">Filiales<\/h1>\t\t\t\t<\/div>\n\t\t\t\t<\/div>\n\t\t\t\t<\/div>\n\t\t<div class=\"elementor-element elementor-element-d37a611 e-con-full e-flex wpr-particle-no wpr-jarallax-no wpr-parallax-no wpr-sticky-section-no e-con e-parent\" data-id=\"d37a611\" data-element_type=\"container\">\n\t\t<div class=\"elementor-element elementor-element-d960c1a e-con-full e-flex wpr-particle-no wpr-jarallax-no wpr-parallax-no wpr-sticky-section-no e-con e-child\" data-id=\"d960c1a\" data-element_type=\"container\">\n\t\t\t\t<div class=\"elementor-element elementor-element-cdac74b elementor-widget elementor-widget-heading\" data-id=\"cdac74b\" data-element_type=\"widget\" data-widget_type=\"heading.default\">\n\t\t\t\t<div class=\"elementor-widget-container\">\n\t\t\t\t\t<h5 class=\"elementor-heading-title elementor-size-default\">Diversifier les industries, \u00e9largir les opportunit\u00e9s<\/h5>\t\t\t\t<\/div>\n\t\t\t\t<\/div>\n\t\t\t\t<div class=\"elementor-element elementor-element-713b7ea elementor-widget__width-inherit elementor-widget elementor-widget-text-editor\" data-id=\"713b7ea\" data-element_type=\"widget\" data-widget_type=\"text-editor.default\">\n\t\t\t\t<div class=\"elementor-widget-container\">\n\t\t\t\t\t\t\t\t\t<p class=\"p1\">Nous sommes plus qu'une entreprise : nous sommes un groupe multisectoriel bas\u00e9 \u00e0 Douala, au Cameroun, avec des participations dans des secteurs d'activit\u00e9 diversifi\u00e9s et en forte croissance. Chacune de nos filiales est strat\u00e9giquement positionn\u00e9e pour exploiter les opportunit\u00e9s du march\u00e9 local et cr\u00e9er des plateformes permettant aux investisseurs et partenaires internationaux de collaborer \u00e0 la cr\u00e9ation d'entreprises durables en Afrique centrale.<\/p><p>\u00a0<\/p><p class=\"p2\"><strong>Pourquoi s'associer \u00e0 Costas Plc<\/strong><\/p><ul><li class=\"p1\">Acc\u00e8s strat\u00e9gique au march\u00e9 : le Cameroun comme porte d\u2019entr\u00e9e vers l\u2019Afrique centrale et le Nig\u00e9ria, desservant un march\u00e9 de plus de 150 millions de personnes.<\/li><li class=\"p1\">Opportunit\u00e9s multisectorielles : exposition \u00e0 la p\u00eache, \u00e0 l\u2019aquaculture, \u00e0 la distribution de peinture, \u00e0 l\u2019\u00e9nergie solaire et \u00e0 l\u2019immobilier.<\/li><li class=\"p1\">Force locale, partenariats mondiaux : nous fournissons des permis, un acc\u00e8s au march\u00e9 et une expertise locale, tandis que les partenaires apportent du capital, de la technologie et du savoir-faire.<\/li><li class=\"p1\">Impact durable : chaque filiale est con\u00e7ue pour cr\u00e9er des emplois, renforcer la s\u00e9curit\u00e9 alimentaire, am\u00e9liorer le logement et favoriser l\u2019adoption des \u00e9nergies renouvelables.<\/li><\/ul><p>\u00a0<\/p><p class=\"p2\"><strong>Opportunit\u00e9s de coentreprise et d'investissement<\/strong><\/p><p class=\"p1\">Costas Plc recherche activement des investisseurs \u00e9trangers, des institutions de financement du d\u00e9veloppement et des partenaires strat\u00e9giques pour exploiter pleinement le potentiel de ses filiales. Les coentreprises peuvent \u00eatre structur\u00e9es de mani\u00e8re \u00e0 \u00e9quilibrer :<\/p><ul><li class=\"p1\">Investissement en capital de partenaires internationaux.<\/li><li class=\"p1\">Acc\u00e8s au march\u00e9 et soutien op\u00e9rationnel de Costas Plc.<\/li><li class=\"p1\">Cr\u00e9ation de valeur partag\u00e9e dans des industries rentables et durables.<\/li><\/ul><p>\u00a0<\/p><p class=\"p2\"><strong>Investissez dans la croissance du Cameroun avec Costas Plc<\/strong><\/p><p class=\"p1\">Construisons des partenariats \u00e0 long terme qui stimulent l\u2019innovation, la rentabilit\u00e9 et le d\u00e9veloppement durable dans de nombreux secteurs.<\/p>\t\t\t\t\t\t\t\t<\/div>\n\t\t\t\t<\/div>\n\t\t\t\t<\/div>\n\t\t\t\t<\/div>\n\t\t\t\t<\/div>","protected":false},"excerpt":{"rendered":"<p>Subsidiaries Diversifying Industries, Expanding Opportunities We are more than a company, we are a multi-sector business group based in Douala, Cameroon, with interests across diverse and fast-growing industries. Each of our subsidiaries is strategically positioned to tap into local market opportunities while creating platforms for international investors and partners to collaborate in building sustainable businesses in Central Africa. \u00a0 Why Partner with Costas Plc Strategic Market Access: Cameroon as a gateway to Central Africa and Nigeria, serving a market of over 150 million people. Multi-Sector Opportunities: Exposure across fishing, aquaculture, paint distribution, solar energy, and real estate. Local Strength, Global Partnerships: We provide permits, market access, and local expertise, while partners bring capital, technology, and know-how. Sustainable Impact: Each subsidiary is designed to create jobs, strengthen food security, improve housing, and foster renewable energy adoption. \u00a0 Joint Venture &amp; Investment Opportunities Costas Plc is actively seeking foreign investors, development finance institutions, and strategic partners to realize the full potential of its subsidiaries. Joint ventures can be structured to balance: Capital Investment from international partners. Market Access &amp; Operational Support from Costas Plc. Shared Value Creation in profitable and sustainable industries. \u00a0 Invest in Cameroon\u2019s Growth with Costas Plc Let\u2019s build long-term partnerships that drive innovation, profitability, and sustainable development across multiple industries.<\/p>","protected":false},"author":1,"featured_media":0,"parent":0,"menu_order":0,"comment_status":"closed","ping_status":"closed","template":"","meta":{"footnotes":""},"class_list":["post-426","page","type-page","status-publish","hentry"],"yoast_head":"<!-- This site is optimized with the Yoast SEO plugin v27.6 - https:\/\/yoast.com\/product\/yoast-seo-wordpress\/ -->\n<title>Subsidiaries - Costas PLC Group<\/title>\n<meta name=\"robots\" content=\"index, follow, max-snippet:-1, max-image-preview:large, max-video-preview:-1\" \/>\n<link rel=\"canonical\" href=\"https:\/\/costasplcgroup.com\/fr\/subsidiaries\/\" \/>\n<meta property=\"og:locale\" content=\"fr_FR\" \/>\n<meta property=\"og:type\" content=\"article\" \/>\n<meta property=\"og:title\" content=\"Subsidiaries - Costas PLC Group\" \/>\n<meta property=\"og:description\" content=\"Subsidiaries Diversifying Industries, Expanding Opportunities We are more than a company, we are a multi-sector business group based in Douala, Cameroon, with interests across diverse and fast-growing industries. Each of our subsidiaries is strategically positioned to tap into local market opportunities while creating platforms for international investors and partners to collaborate in building sustainable businesses in Central Africa. \u00a0 Why Partner with Costas Plc Strategic Market Access: Cameroon as a gateway to Central Africa and Nigeria, serving a market of over 150 million people. Multi-Sector Opportunities: Exposure across fishing, aquaculture, paint distribution, solar energy, and real estate. Local Strength, Global Partnerships: We provide permits, market access, and local expertise, while partners bring capital, technology, and know-how. Sustainable Impact: Each subsidiary is designed to create jobs, strengthen food security, improve housing, and foster renewable energy adoption. \u00a0 Joint Venture &amp; Investment Opportunities Costas Plc is actively seeking foreign investors, development finance institutions, and strategic partners to realize the full potential of its subsidiaries. Joint ventures can be structured to balance: Capital Investment from international partners. Market Access &amp; Operational Support from Costas Plc. Shared Value Creation in profitable and sustainable industries. \u00a0 Invest in Cameroon\u2019s Growth with Costas Plc Let\u2019s build long-term partnerships that drive innovation, profitability, and sustainable development across multiple industries.\" \/>\n<meta property=\"og:url\" content=\"https:\/\/costasplcgroup.com\/fr\/subsidiaries\/\" \/>\n<meta property=\"og:site_name\" content=\"Costas PLC Group\" \/>\n<meta property=\"article:modified_time\" content=\"2025-10-17T17:29:47+00:00\" \/>\n<meta name=\"twitter:card\" content=\"summary_large_image\" \/>\n<meta name=\"twitter:label1\" content=\"Dur\u00e9e de lecture estim\u00e9e\" \/>\n\t<meta name=\"twitter:data1\" content=\"2 minutes\" \/>\n<script type=\"application\/ld+json\" class=\"yoast-schema-graph\">{\"@context\":\"https:\\\/\\\/schema.org\",\"@graph\":[{\"@type\":\"WebPage\",\"@id\":\"https:\\\/\\\/costasplcgroup.com\\\/subsidiaries\\\/\",\"url\":\"https:\\\/\\\/costasplcgroup.com\\\/subsidiaries\\\/\",\"name\":\"Subsidiaries - Costas PLC Group\",\"isPartOf\":{\"@id\":\"https:\\\/\\\/costasplcgroup.com\\\/#website\"},\"datePublished\":\"2025-10-04T18:20:55+00:00\",\"dateModified\":\"2025-10-17T17:29:47+00:00\",\"breadcrumb\":{\"@id\":\"https:\\\/\\\/costasplcgroup.com\\\/subsidiaries\\\/#breadcrumb\"},\"inLanguage\":\"fr-FR\",\"potentialAction\":[{\"@type\":\"ReadAction\",\"target\":[\"https:\\\/\\\/costasplcgroup.com\\\/subsidiaries\\\/\"]}]},{\"@type\":\"BreadcrumbList\",\"@id\":\"https:\\\/\\\/costasplcgroup.com\\\/subsidiaries\\\/#breadcrumb\",\"itemListElement\":[{\"@type\":\"ListItem\",\"position\":1,\"name\":\"Home\",\"item\":\"https:\\\/\\\/costasplcgroup.com\\\/\"},{\"@type\":\"ListItem\",\"position\":2,\"name\":\"Subsidiaries\"}]},{\"@type\":\"WebSite\",\"@id\":\"https:\\\/\\\/costasplcgroup.com\\\/#website\",\"url\":\"https:\\\/\\\/costasplcgroup.com\\\/\",\"name\":\"Costas PLC Group\",\"description\":\"Welcome to Costas PLC Group\",\"publisher\":{\"@id\":\"https:\\\/\\\/costasplcgroup.com\\\/#organization\"},\"potentialAction\":[{\"@type\":\"SearchAction\",\"target\":{\"@type\":\"EntryPoint\",\"urlTemplate\":\"https:\\\/\\\/costasplcgroup.com\\\/?s={search_term_string}\"},\"query-input\":{\"@type\":\"PropertyValueSpecification\",\"valueRequired\":true,\"valueName\":\"search_term_string\"}}],\"inLanguage\":\"fr-FR\"},{\"@type\":\"Organization\",\"@id\":\"https:\\\/\\\/costasplcgroup.com\\\/#organization\",\"name\":\"Costas PLC Group\",\"url\":\"https:\\\/\\\/costasplcgroup.com\\\/\",\"logo\":{\"@type\":\"ImageObject\",\"inLanguage\":\"fr-FR\",\"@id\":\"https:\\\/\\\/costasplcgroup.com\\\/#\\\/schema\\\/logo\\\/image\\\/\",\"url\":\"https:\\\/\\\/costasplcgroup.com\\\/wp-content\\\/uploads\\\/2025\\\/09\\\/costas-1.png\",\"contentUrl\":\"https:\\\/\\\/costasplcgroup.com\\\/wp-content\\\/uploads\\\/2025\\\/09\\\/costas-1.png\",\"width\":581,\"height\":429,\"caption\":\"Costas PLC Group\"},\"image\":{\"@id\":\"https:\\\/\\\/costasplcgroup.com\\\/#\\\/schema\\\/logo\\\/image\\\/\"}}]}<\/script>\n<!-- \/ Yoast SEO plugin. -->","yoast_head_json":{"title":"Subsidiaries - Costas PLC Group","robots":{"index":"index","follow":"follow","max-snippet":"max-snippet:-1","max-image-preview":"max-image-preview:large","max-video-preview":"max-video-preview:-1"},"canonical":"https:\/\/costasplcgroup.com\/fr\/subsidiaries\/","og_locale":"fr_FR","og_type":"article","og_title":"Subsidiaries - Costas PLC Group","og_description":"Subsidiaries Diversifying Industries, Expanding Opportunities We are more than a company, we are a multi-sector business group based in Douala, Cameroon, with interests across diverse and fast-growing industries. Each of our subsidiaries is strategically positioned to tap into local market opportunities while creating platforms for international investors and partners to collaborate in building sustainable businesses in Central Africa. \u00a0 Why Partner with Costas Plc Strategic Market Access: Cameroon as a gateway to Central Africa and Nigeria, serving a market of over 150 million people. Multi-Sector Opportunities: Exposure across fishing, aquaculture, paint distribution, solar energy, and real estate. Local Strength, Global Partnerships: We provide permits, market access, and local expertise, while partners bring capital, technology, and know-how. Sustainable Impact: Each subsidiary is designed to create jobs, strengthen food security, improve housing, and foster renewable energy adoption. \u00a0 Joint Venture &amp; Investment Opportunities Costas Plc is actively seeking foreign investors, development finance institutions, and strategic partners to realize the full potential of its subsidiaries. Joint ventures can be structured to balance: Capital Investment from international partners. Market Access &amp; Operational Support from Costas Plc. Shared Value Creation in profitable and sustainable industries. \u00a0 Invest in Cameroon\u2019s Growth with Costas Plc Let\u2019s build long-term partnerships that drive innovation, profitability, and sustainable development across multiple industries.","og_url":"https:\/\/costasplcgroup.com\/fr\/subsidiaries\/","og_site_name":"Costas PLC Group","article_modified_time":"2025-10-17T17:29:47+00:00","twitter_card":"summary_large_image","twitter_misc":{"Dur\u00e9e de lecture estim\u00e9e":"2 minutes"},"schema":{"@context":"https:\/\/schema.org","@graph":[{"@type":"WebPage","@id":"https:\/\/costasplcgroup.com\/subsidiaries\/","url":"https:\/\/costasplcgroup.com\/subsidiaries\/","name":"Subsidiaries - Costas PLC Group","isPartOf":{"@id":"https:\/\/costasplcgroup.com\/#website"},"datePublished":"2025-10-04T18:20:55+00:00","dateModified":"2025-10-17T17:29:47+00:00","breadcrumb":{"@id":"https:\/\/costasplcgroup.com\/subsidiaries\/#breadcrumb"},"inLanguage":"fr-FR","potentialAction":[{"@type":"ReadAction","target":["https:\/\/costasplcgroup.com\/subsidiaries\/"]}]},{"@type":"BreadcrumbList","@id":"https:\/\/costasplcgroup.com\/subsidiaries\/#breadcrumb","itemListElement":[{"@type":"ListItem","position":1,"name":"Home","item":"https:\/\/costasplcgroup.com\/"},{"@type":"ListItem","position":2,"name":"Subsidiaries"}]},{"@type":"WebSite","@id":"https:\/\/costasplcgroup.com\/#website","url":"https:\/\/costasplcgroup.com\/","name":"Costas PLC Group","description":"Bienvenue sur Costas PLC Group","publisher":{"@id":"https:\/\/costasplcgroup.com\/#organization"},"potentialAction":[{"@type":"SearchAction","target":{"@type":"EntryPoint","urlTemplate":"https:\/\/costasplcgroup.com\/?s={search_term_string}"},"query-input":{"@type":"PropertyValueSpecification","valueRequired":true,"valueName":"search_term_string"}}],"inLanguage":"fr-FR"},{"@type":"Organization","@id":"https:\/\/costasplcgroup.com\/#organization","name":"Costas PLC Group","url":"https:\/\/costasplcgroup.com\/","logo":{"@type":"ImageObject","inLanguage":"fr-FR","@id":"https:\/\/costasplcgroup.com\/#\/schema\/logo\/image\/","url":"https:\/\/costasplcgroup.com\/wp-content\/uploads\/2025\/09\/costas-1.png","contentUrl":"https:\/\/costasplcgroup.com\/wp-content\/uploads\/2025\/09\/costas-1.png","width":581,"height":429,"caption":"Costas PLC Group"},"image":{"@id":"https:\/\/costasplcgroup.com\/#\/schema\/logo\/image\/"}}]}},"_links":{"self":[{"href":"https:\/\/costasplcgroup.com\/fr\/wp-json\/wp\/v2\/pages\/426","targetHints":{"allow":["GET"]}}],"collection":[{"href":"https:\/\/costasplcgroup.com\/fr\/wp-json\/wp\/v2\/pages"}],"about":[{"href":"https:\/\/costasplcgroup.com\/fr\/wp-json\/wp\/v2\/types\/page"}],"author":[{"embeddable":true,"href":"https:\/\/costasplcgroup.com\/fr\/wp-json\/wp\/v2\/users\/1"}],"replies":[{"embeddable":true,"href":"https:\/\/costasplcgroup.com\/fr\/wp-json\/wp\/v2\/comments?post=426"}],"version-history":[{"count":10,"href":"https:\/\/costasplcgroup.com\/fr\/wp-json\/wp\/v2\/pages\/426\/revisions"}],"predecessor-version":[{"id":932,"href":"https:\/\/costasplcgroup.com\/fr\/wp-json\/wp\/v2\/pages\/426\/revisions\/932"}],"wp:attachment":[{"href":"https:\/\/costasplcgroup.com\/fr\/wp-json\/wp\/v2\/media?parent=426"}],"curies":[{"name":"wp","href":"https:\/\/api.w.org\/{rel}","templated":true}]}}